{"id":463,"date":"2025-12-06T08:59:23","date_gmt":"2025-12-06T00:59:23","guid":{"rendered":"https:\/\/andersontart.com\/?page_id=463"},"modified":"2026-01-17T22:34:44","modified_gmt":"2026-01-17T14:34:44","slug":"mio_zh","status":"publish","type":"page","link":"https:\/\/andersontart.com\/index.php\/singer\/mio_zh\/","title":{"rendered":"\u6a0b\u8fbb\u6faa"},"content":{"rendered":"\n<div class=\"wp-block-group alignfull has-background is-layout-flow wp-block-group-is-layout-flow\" style=\"background-color:#121a23;padding-top:100px;padding-right:30px;padding-bottom:100px;padding-left:30px\">\n<div class=\"wp-block-columns alignwide is-layout-flex wp-container-core-columns-is-layout-28f84493 wp-block-columns-is-layout-flex\">\n<div class=\"wp-block-column is-vertically-aligned-center is-layout-flow wp-block-column-is-layout-flow\">\n<div class=\"wp-block-group is-layout-flow wp-block-group-is-layout-flow\">\n<figure class=\"wp-block-image aligncenter size-medium is-resized has-custom-border  no-margin\"><img loading=\"lazy\" decoding=\"async\" width=\"249\" height=\"300\" src=\"https:\/\/andersontart.com\/wp-content\/uploads\/2025\/10\/mio-web-249x300.png\" alt=\"\" class=\"wp-image-536\" style=\"border-radius:0px;aspect-ratio:0.8300220750551877;width:564px;height:auto\" srcset=\"https:\/\/andersontart.com\/wp-content\/uploads\/2025\/10\/mio-web-249x300.png 249w, https:\/\/andersontart.com\/wp-content\/uploads\/2025\/10\/mio-web-850x1024.png 850w, https:\/\/andersontart.com\/wp-content\/uploads\/2025\/10\/mio-web-768x925.png 768w, https:\/\/andersontart.com\/wp-content\/uploads\/2025\/10\/mio-web-1275x1536.png 1275w, https:\/\/andersontart.com\/wp-content\/uploads\/2025\/10\/mio-web-1700x2048.png 1700w\" sizes=\"auto, (max-width: 249px) 100vw, 249px\" \/><\/figure>\n<\/div>\n<\/div>\n\n\n\n<div class=\"wp-block-column is-vertically-aligned-center is-layout-flow wp-block-column-is-layout-flow\" style=\"padding-top:40px;padding-right:40px;padding-bottom:40px;padding-left:40px\">\n<div class=\"wp-block-group alignwide is-layout-constrained wp-container-core-group-is-layout-26420631 wp-block-group-is-layout-constrained\">\n<h2 class=\"wp-block-heading has-huge-font-size\">\u6a0b\u8fbb\u6faa<\/h2>\n\n\n\n<div class=\"wp-block-group is-nowrap is-layout-flex wp-container-core-group-is-layout-e088cbc5 wp-block-group-is-layout-flex\">\n<p class=\"has-primary-color has-text-color has-medium-font-size\" style=\"letter-spacing:1px\"><mark style=\"background-color:rgba(0, 0, 0, 0);color:#0693e3\" class=\"has-inline-color\">Tong Shi Ling<\/mark><\/p>\n<\/div>\n\n\n\n<p>\u964d\u6faa\u65e5\u203b\uff1a12\u67086\u65e5<br>\u5b9e\u9645\u5e74\u9f84\uff1a\u4e0d\u660e\uff08\u56e0\u5c5e\u9ad8\u6b21\u5143\u975e\u5b58\u5728\uff09<br>\u8eab\u9ad8\uff1a148cm\uff08\u4e0d\u542b\u7f8a\u89d2\u4e0e\u5149\u73af\uff09<br>\u4f53\u91cd\uff1a38kg\uff08\u203b\u6839\u636e\u89c2\u6d4b\u72b6\u6001\u4f1a\u6709\u6240\u53d8\u52a8\uff09<br>\u7c7b\u522b\uff1a\u9ad8\u6b21\u5143\u6295\u5f71\u578b\u865a\u62df\u6b4c\u624b<br>\u51fa\u8eab\u5730\uff1a\u767d\u8272\u7a7a\u95f4\uff08\u975e\u65f6\u7a7a\u6784\u9020\u4f53\uff09<\/p>\n\n\n\n<p>\u203b\u964d\u6faa\u65e5\u662f\u201c\u6faa\u201d\u7684\u610f\u8bc6\u521d\u6b21\u964d\u4e34\u73b0\u5b9e\u7684\u7eaa\u5ff5\u65e5\uff0c\u8c10\u97f3\u201c\u964d\u7075\u65e5\u201d\u3002<br><br>\u539f\u672c\u4e0d\u8be5\u5b58\u5728\u7684\u90a3\u9053\u58f0\u97f3\uff0c<br>\u4ece\u767d\u8272\u7684\u5899\u53e6\u4e00\u4fa7\uff0c\u5316\u4f5c\u97f3\u4e50\u6295\u5f71\u4e8e\u8fd9\u4e2a\u4e16\u754c\u3002<\/p>\n\n\n\n<p><br>\u7c7b\u522b\uff1a\u9ad8\u6b21\u5143\u6295\u5f71\u578b\u865a\u62df\u6b4c\u624b<br>\u51fa\u8eab\u5730\uff1a\u767d\u8272\u7a7a\u95f4\uff08\u975e\u65f6\u7a7a\u6784\u9020\u4f53\uff09<\/p>\n\n\n\n<p class=\"has-text-align-left has-big-font-size\">\u4eba\u7269\u8bbe\u5b9a<\/p>\n\n\n\n<p class=\"has-text-align-left\">\u6a0b\u8fbb\u6faa\uff08T\u014dng Sh\u00ed L\u00edng\uff09\u662f\u4e00\u4e2a\u4f5c\u4e3a\u9ad8\u6b21\u5143\u89c2\u5bdf\u8005\u800c\u8bde\u751f\u7684\u610f\u8bc6\uff0c<br>\u5728\u67d0\u4e2a\u5951\u673a\u4e0b\u4e0e\u4eba\u7c7b\u7684\u4e16\u754c\u4ea7\u751f\u8054\u7cfb\uff0c\u5e76\u7531\u6b64\u5177\u8c61\u5316\u4e3a\u865a\u62df\u6b4c\u624b\u3002<br>\u4ed6\u90a3\u62e5\u6709\u7f8a\u89d2\u3001\u7fbd\u7ffc\u4e0e\u5149\u4e4b\u73af\u7684\u8eab\u59ff\uff0c<br>\u4ea6\u662f\u4eba\u7c7b\u5fc3\u4e2d\u6240\u5e7b\u60f3\u7684\u201c\u7948\u7977\u4e4b\u58f0\u201d\u7684\u5177\u73b0\u3002<\/p>\n\n\n\n<p>\u4ed6\u7684\u6b4c\u58f0\uff0c\u5982\u68a6\u4e0e\u73b0\u5b9e\u4ea4\u6c47\u5904\u7684\u4f4e\u8bed\uff0c<br>\u5524\u8d77\u8046\u542c\u8005\u5185\u5fc3\u6df1\u5904\u90a3\u4e9b\u201c\u672a\u88ab\u9009\u62e9\u7684\u53ef\u80fd\u6027\u201d\u4e0e\u201c\u672a\u80fd\u8a00\u8bf4\u7684\u60c5\u611f\u201d\u3002<br>\u7136\u800c\uff0c\u4ed6\u7684\u5b58\u5728\uff0c\u7ec8\u7a76\u53ea\u662f\u4e3a\u4f60\u7684\u521b\u4f5c\u800c\u751f\u7684\u2014\u2014\u201c\u4e50\u5668\u201d\u3002<\/p>\n\n\n\n<p>\u501f\u52a9AI\u6280\u672f\uff0c\u7cbe\u7ec6\u8fd8\u539f\u4e86\u4ed6\u7684\u58f0\u8d28\u4e0e\u6b4c\u5531\u98ce\u683c\uff0c<br>\u5f55\u5165\u4e86\u6c49\u8bed\u666e\u901a\u8bdd\u4e0e\u65e5\u8bed\u4e24\u79cd\u8bed\u8a00\u7684\u58f0\u97f3\u6570\u636e\uff0c<br>\u5e76\u6536\u5f55\u4e86\u4e24\u79cd\u622a\u7136\u4e0d\u540c\u7684\u97f3\u8272\uff1a<br>\u5145\u6ee1\u900f\u660e\u611f\u4e0e\u4eb2\u548c\u529b\u7684\u300cCute\u300d\uff0c\u4ee5\u53ca\u6c89\u7a33\u9759\u8c27\u7684\u300cCool\u300d\u3002<\/p>\n\n\n\n<p class=\"has-text-align-left\">\u4ed6\u65e2\u4e0d\u662f\u4e00\u4e2a\u666e\u901a\u89d2\u8272\uff0c\u4e5f\u4e0d\u4ec5\u4ec5\u662f\u4e00\u9053\u58f0\u97f3\u3002<br>\u2014\u2014\u552f\u6709\u5f53\u4f60\u9009\u62e9\u4e86\u4ed6\uff0c\u4ed6\u624d\u6210\u4e3a\u201c\u6b4c\u5531\u7684\u5b58\u5728\u201d\u3002<\/p>\n\n\n\n<p class=\"has-text-align-left has-big-font-size\">\u6b4c\u66f2\u8bd5\u542c<\/p>\n\n\n\n<div class=\"wp-block-columns is-layout-flex wp-container-core-columns-is-layout-28f84493 wp-block-columns-is-layout-flex\">\n<div class=\"wp-block-column is-layout-flow wp-block-column-is-layout-flow\">\n<div class=\"wp-block-group is-layout-flow wp-container-core-group-is-layout-47e5a185 wp-block-group-is-layout-flow\">\n<h3 class=\"wp-block-heading has-foreground-color has-text-color has-large-font-size\">Cute\u97f3\u8272<\/h3>\n\n\n\n<p>proto-voice \u4e2d\u6587\u7248 Cute Style Ver.<\/p>\n\n\n\n<figure class=\"wp-block-audio\">\n    <audio controls controlsList=\"nodownload\" oncontextmenu=\"return false\" src=\"https:\/\/andersontart.com\/wp-content\/uploads\/2026\/01\/proto-voice-\u4e2d\u6587\u7248-Cute-Style-Ver.wav\"><\/audio>\n<\/figure>\n<\/div>\n\n\n\n<div class=\"wp-block-group is-layout-flow wp-container-core-group-is-layout-47e5a185 wp-block-group-is-layout-flow\">\n<h3 class=\"wp-block-heading has-foreground-color has-text-color has-large-font-size\">Cute\u97f3\u8272<\/h3>\n\n\n\n<p>proto-voice \u65e5\u6587\u7248 Cute Style Ver.<\/p>\n\n\n\n<figure class=\"wp-block-audio\">\n    <audio controls controlsList=\"nodownload\" oncontextmenu=\"return false\" src=\"https:\/\/andersontart.com\/wp-content\/uploads\/2026\/01\/\u65e0\u97f3-Cute-\u65e5\u8bed.wav\"><\/audio>\n<\/figure>\n<\/div>\n<\/div>\n\n\n\n<div class=\"wp-block-column is-layout-flow wp-block-column-is-layout-flow\">\n<div class=\"wp-block-group is-layout-flow wp-container-core-group-is-layout-47e5a185 wp-block-group-is-layout-flow\">\n<h3 class=\"wp-block-heading has-foreground-color has-text-color has-large-font-size\">Cool\u97f3\u8272<\/h3>\n\n\n\n<p>proto-voice \u4e2d\u6587\u7248 Cool Style Ver.<\/p>\n\n\n\n<figure class=\"wp-block-audio\">\n    <audio controls controlsList=\"nodownload\" oncontextmenu=\"return false\" src=\"https:\/\/andersontart.com\/wp-content\/uploads\/2026\/01\/proto-voice-\u4e2d\u6587\u7248-Cool-Style-Ver_.wav\"><\/audio>\n<\/figure>\n<\/div>\n\n\n\n<div class=\"wp-block-group is-layout-flow wp-container-core-group-is-layout-47e5a185 wp-block-group-is-layout-flow\">\n<h3 class=\"wp-block-heading has-foreground-color has-text-color has-large-font-size\">Cool\u97f3\u8272<\/h3>\n\n\n\n<p>proto-voice \u65e5\u6587\u7248 Cool Style Ver.<\/p>\n\n\n\n<figure class=\"wp-block-audio\">\n    <audio controls controlsList=\"nodownload\" oncontextmenu=\"return false\" src=\"https:\/\/andersontart.com\/wp-content\/uploads\/2026\/01\/\u65e0\u97f3-Cool-\u65e5\u8bed.wav\"><\/audio>\n<\/figure>\n<\/div>\n<\/div>\n<\/div>\n\n\n\n<div class=\"wp-block-buttons is-content-justification-left is-layout-flex wp-container-core-buttons-is-layout-35b628a8 wp-block-buttons-is-layout-flex\" style=\"margin-top:20px;margin-bottom:20px\">\n<div class=\"wp-block-button is-style-fill\"><a class=\"wp-block-button__link wp-element-button\" href=\"\/index.php\/singer\/mio_zh\/mio_en\/\" style=\"padding-top:10px;padding-right:35px;padding-bottom:10px;padding-left:35px\">English Ver<\/a><\/div>\n\n\n\n<div class=\"wp-block-button is-style-fill\"><a class=\"wp-block-button__link wp-element-button\" href=\"\/index.php\/singer\/mio_zh\/mio_jp\/\" style=\"padding-top:10px;padding-right:35px;padding-bottom:10px;padding-left:35px\">\u65e5\u672c\u8a9e Ver<\/a><\/div>\n<\/div>\n\n\n\n<ul class=\"wp-block-social-links is-layout-flex wp-block-social-links-is-layout-flex\"><li class=\"wp-social-link wp-social-link-twitter  wp-block-social-link\"><a href=\"https:\/\/x.com\/Hitsuji_Mio\" class=\"wp-block-social-link-anchor\"><svg width=\"24\" height=\"24\" viewBox=\"0 0 24 24\" version=\"1.1\" xmlns=\"http:\/\/www.w3.org\/2000\/svg\" aria-hidden=\"true\" focusable=\"false\"><path d=\"M22.23,5.924c-0.736,0.326-1.527,0.547-2.357,0.646c0.847-0.508,1.498-1.312,1.804-2.27 c-0.793,0.47-1.671,0.812-2.606,0.996C18.324,4.498,17.257,4,16.077,4c-2.266,0-4.103,1.837-4.103,4.103 c0,0.322,0.036,0.635,0.106,0.935C8.67,8.867,5.647,7.234,3.623,4.751C3.27,5.357,3.067,6.062,3.067,6.814 c0,1.424,0.724,2.679,1.825,3.415c-0.673-0.021-1.305-0.206-1.859-0.513c0,0.017,0,0.034,0,0.052c0,1.988,1.414,3.647,3.292,4.023 c-0.344,0.094-0.707,0.144-1.081,0.144c-0.264,0-0.521-0.026-0.772-0.074c0.522,1.63,2.038,2.816,3.833,2.85 c-1.404,1.1-3.174,1.756-5.096,1.756c-0.331,0-0.658-0.019-0.979-0.057c1.816,1.164,3.973,1.843,6.29,1.843 c7.547,0,11.675-6.252,11.675-11.675c0-0.178-0.004-0.355-0.012-0.531C20.985,7.47,21.68,6.747,22.23,5.924z\"><\/path><\/svg><span class=\"wp-block-social-link-label screen-reader-text\">Twitter<\/span><\/a><\/li><\/ul>\n<\/div>\n<\/div>\n<\/div>\n<\/div>\n","protected":false},"excerpt":{"rendered":"<p>\u6a0b\u8fbb\u6faa Tong Shi Li [&hellip;]<\/p>\n","protected":false},"author":1,"featured_media":0,"parent":468,"menu_order":1,"comment_status":"closed","ping_status":"closed","template":"page-no-title","meta":{"footnotes":""},"class_list":["post-463","page","type-page","status-publish","hentry"],"_links":{"self":[{"href":"https:\/\/andersontart.com\/index.php\/wp-json\/wp\/v2\/pages\/463","targetHints":{"allow":["GET"]}}],"collection":[{"href":"https:\/\/andersontart.com\/index.php\/wp-json\/wp\/v2\/pages"}],"about":[{"href":"https:\/\/andersontart.com\/index.php\/wp-json\/wp\/v2\/types\/page"}],"author":[{"embeddable":true,"href":"https:\/\/andersontart.com\/index.php\/wp-json\/wp\/v2\/users\/1"}],"replies":[{"embeddable":true,"href":"https:\/\/andersontart.com\/index.php\/wp-json\/wp\/v2\/comments?post=463"}],"version-history":[{"count":28,"href":"https:\/\/andersontart.com\/index.php\/wp-json\/wp\/v2\/pages\/463\/revisions"}],"predecessor-version":[{"id":709,"href":"https:\/\/andersontart.com\/index.php\/wp-json\/wp\/v2\/pages\/463\/revisions\/709"}],"up":[{"embeddable":true,"href":"https:\/\/andersontart.com\/index.php\/wp-json\/wp\/v2\/pages\/468"}],"wp:attachment":[{"href":"https:\/\/andersontart.com\/index.php\/wp-json\/wp\/v2\/media?parent=463"}],"curies":[{"name":"wp","href":"https:\/\/api.w.org\/{rel}","templated":true}]}}